{"id":321,"date":"2025-02-23T15:41:06","date_gmt":"2025-02-23T14:41:06","guid":{"rendered":"https:\/\/nuevoenfoquemijas.es\/nem\/?page_id=321"},"modified":"2025-09-08T01:51:28","modified_gmt":"2025-09-07T23:51:28","slug":"noticias","status":"publish","type":"page","link":"https:\/\/nuevoenfoquemijas.es\/nem\/noticias\/","title":{"rendered":"Noticias"},"content":{"rendered":"\n<div class=\"wp-block-group alignwide has-global-padding is-layout-constrained wp-block-group-is-layout-constrained\" style=\"padding-top:var(--wp--preset--spacing--60);padding-bottom:var(--wp--preset--spacing--60)\">\n<h2 class=\"wp-block-heading alignwide has-small-font-size\" style=\"font-style:normal;font-weight:700;letter-spacing:1.4px;text-transform:uppercase\">Noticias<\/h2>\n\n\n\n<div class=\"wp-block-query alignwide is-layout-flow wp-block-query-is-layout-flow\"><ul class=\"alignfull wp-block-post-template is-layout-flow wp-container-core-post-template-is-layout-b377334a wp-block-post-template-is-layout-flow\"><li class=\"wp-block-post post-586 post type-post status-publish format-standard has-post-thumbnail hentry category-noticias tag-noticias\">\n\n<div class=\"wp-block-group alignfull is-content-justification-space-between is-nowrap is-layout-flex wp-container-core-group-is-layout-1eb4de5b wp-block-group-is-layout-flex wp-container-2 is-position-sticky\" style=\"border-bottom-color:var(--wp--preset--color--accent-6);border-bottom-width:1px;padding-top:var(--wp--preset--spacing--30);padding-bottom:var(--wp--preset--spacing--30)\">\n<div class=\"wp-block-group has-medium-font-size is-vertical is-layout-flex wp-container-core-group-is-layout-2d729e81 wp-block-group-is-layout-flex\" style=\"min-height:0px\"><h3 style=\"padding-top:0;padding-bottom:0;padding-left:0;padding-right:0;margin-top:0;margin-bottom:0;\" class=\"wp-block-post-title has-large-font-size\"><a href=\"https:\/\/nuevoenfoquemijas.es\/nem\/2025\/03\/27\/nueva-web\/\" target=\"_self\" >Nueva web!<\/a><\/h3>\n\n<div class=\"has-text-align-right wp-block-post-date\"><time datetime=\"2025-03-27T02:41:22+01:00\"><a href=\"https:\/\/nuevoenfoquemijas.es\/nem\/2025\/03\/27\/nueva-web\/\">marzo 27, 2025<\/a><\/time><\/div><\/div>\n\n\n\n<div class=\"wp-block-group has-global-padding is-layout-constrained wp-block-group-is-layout-constrained\"><div class=\"has-text-align-left wp-block-post-excerpt has-medium-font-size wp-container-content-9cfa9a5a\"><p class=\"wp-block-post-excerpt__excerpt\">Estamos trabajando en una nueva web. Iremos complet\u00e1ndola con contenido actualizado. A\u00f1\u00e1denos a tus favoritos&hellip;<\/p><p class=\"wp-block-post-excerpt__more-text\"><a class=\"wp-block-post-excerpt__more-link\" href=\"https:\/\/nuevoenfoquemijas.es\/nem\/2025\/03\/27\/nueva-web\/\">Leer noticia&#8230;<\/a><\/p><\/div>\n\n<div class=\"taxonomy-post_tag wp-block-post-terms\"><a href=\"https:\/\/nuevoenfoquemijas.es\/nem\/tag\/noticias\/\" rel=\"tag\">noticias<\/a><\/div><\/div>\n\n\n\n<div class=\"wp-block-columns are-vertically-aligned-center is-layout-flex wp-container-core-columns-is-layout-28232c24 wp-block-columns-is-layout-flex\">\n<div class=\"wp-block-column is-vertically-aligned-center is-layout-flow wp-container-core-column-is-layout-8a368f38 wp-block-column-is-layout-flow\" style=\"flex-basis:100%\"><figure style=\"aspect-ratio:1;width:124px;height:125px;\" class=\"wp-block-post-featured-image\"><a href=\"https:\/\/nuevoenfoquemijas.es\/nem\/2025\/03\/27\/nueva-web\/\" target=\"_self\"  style=\"height:125px\"><img loading=\"lazy\" decoding=\"async\" width=\"1451\" height=\"806\" src=\"https:\/\/nuevoenfoquemijas.es\/nem\/wp-content\/uploads\/2025\/03\/Screenshot-2025-03-27-024718.png\" class=\"attachment-post-thumbnail size-post-thumbnail wp-post-image\" alt=\"Nueva web!\" style=\"width:100%;height:100%;object-fit:contain;\" srcset=\"https:\/\/nuevoenfoquemijas.es\/nem\/wp-content\/uploads\/2025\/03\/Screenshot-2025-03-27-024718.png 1451w, https:\/\/nuevoenfoquemijas.es\/nem\/wp-content\/uploads\/2025\/03\/Screenshot-2025-03-27-024718-300x167.png 300w, https:\/\/nuevoenfoquemijas.es\/nem\/wp-content\/uploads\/2025\/03\/Screenshot-2025-03-27-024718-1024x569.png 1024w, https:\/\/nuevoenfoquemijas.es\/nem\/wp-content\/uploads\/2025\/03\/Screenshot-2025-03-27-024718-768x427.png 768w\" sizes=\"auto, (max-width: 1451px) 100vw, 1451px\" \/><\/a><\/figure><\/div>\n<\/div>\n<\/div>\n\n<\/li><li class=\"wp-block-post post-509 post type-post status-publish format-standard has-post-thumbnail hentry category-exposiciones category-noticias tag-exposiciones tag-noticias\">\n\n<div class=\"wp-block-group alignfull is-content-justification-space-between is-nowrap is-layout-flex wp-container-core-group-is-layout-1eb4de5b wp-block-group-is-layout-flex wp-container-4 is-position-sticky\" style=\"border-bottom-color:var(--wp--preset--color--accent-6);border-bottom-width:1px;padding-top:var(--wp--preset--spacing--30);padding-bottom:var(--wp--preset--spacing--30)\">\n<div class=\"wp-block-group has-medium-font-size is-vertical is-layout-flex wp-container-core-group-is-layout-2d729e81 wp-block-group-is-layout-flex\" style=\"min-height:0px\"><h3 style=\"padding-top:0;padding-bottom:0;padding-left:0;padding-right:0;margin-top:0;margin-bottom:0;\" class=\"wp-block-post-title has-large-font-size\"><a href=\"https:\/\/nuevoenfoquemijas.es\/nem\/2025\/03\/26\/exposicion-colectiva-mijas-fuente-inagotable-de-inspiracion\/\" target=\"_self\" >Exposici\u00f3n colectiva &#8216;Mijas, fuente inagotable de inspiraci\u00f3n&#8217;<\/a><\/h3>\n\n<div class=\"has-text-align-right wp-block-post-date\"><time datetime=\"2025-03-26T23:35:45+01:00\"><a href=\"https:\/\/nuevoenfoquemijas.es\/nem\/2025\/03\/26\/exposicion-colectiva-mijas-fuente-inagotable-de-inspiracion\/\">marzo 26, 2025<\/a><\/time><\/div><\/div>\n\n\n\n<div class=\"wp-block-group has-global-padding is-layout-constrained wp-block-group-is-layout-constrained\"><div class=\"has-text-align-left wp-block-post-excerpt has-medium-font-size wp-container-content-9cfa9a5a\"><p class=\"wp-block-post-excerpt__excerpt\">Video: Juanma Vega Sede Nuevo Enfoque Mijas, Avenida de las Perdices, 1, Conjunto residencial \u00abLos&hellip;<\/p><p class=\"wp-block-post-excerpt__more-text\"><a class=\"wp-block-post-excerpt__more-link\" href=\"https:\/\/nuevoenfoquemijas.es\/nem\/2025\/03\/26\/exposicion-colectiva-mijas-fuente-inagotable-de-inspiracion\/\">Leer noticia&#8230;<\/a><\/p><\/div>\n\n<div class=\"taxonomy-post_tag wp-block-post-terms\"><a href=\"https:\/\/nuevoenfoquemijas.es\/nem\/tag\/exposiciones\/\" rel=\"tag\">exposiciones<\/a><span class=\"wp-block-post-terms__separator\">, <\/span><a href=\"https:\/\/nuevoenfoquemijas.es\/nem\/tag\/noticias\/\" rel=\"tag\">noticias<\/a><\/div><\/div>\n\n\n\n<div class=\"wp-block-columns are-vertically-aligned-center is-layout-flex wp-container-core-columns-is-layout-28232c24 wp-block-columns-is-layout-flex\">\n<div class=\"wp-block-column is-vertically-aligned-center is-layout-flow wp-container-core-column-is-layout-8a368f38 wp-block-column-is-layout-flow\" style=\"flex-basis:100%\"><figure style=\"aspect-ratio:1;width:124px;height:125px;\" class=\"wp-block-post-featured-image\"><a href=\"https:\/\/nuevoenfoquemijas.es\/nem\/2025\/03\/26\/exposicion-colectiva-mijas-fuente-inagotable-de-inspiracion\/\" target=\"_self\"  style=\"height:125px\"><img loading=\"lazy\" decoding=\"async\" width=\"1472\" height=\"2048\" src=\"https:\/\/nuevoenfoquemijas.es\/nem\/wp-content\/uploads\/2025\/02\/WhatsApp-Image-2024-02-18-at-20.15.56-ts1709037746.jpeg\" class=\"attachment-post-thumbnail size-post-thumbnail wp-post-image\" alt=\"Exposici\u00f3n colectiva &#8216;Mijas, fuente inagotable de inspiraci\u00f3n&#8217;\" style=\"width:100%;height:100%;object-fit:contain;\" srcset=\"https:\/\/nuevoenfoquemijas.es\/nem\/wp-content\/uploads\/2025\/02\/WhatsApp-Image-2024-02-18-at-20.15.56-ts1709037746.jpeg 1472w, https:\/\/nuevoenfoquemijas.es\/nem\/wp-content\/uploads\/2025\/02\/WhatsApp-Image-2024-02-18-at-20.15.56-ts1709037746-216x300.jpeg 216w, https:\/\/nuevoenfoquemijas.es\/nem\/wp-content\/uploads\/2025\/02\/WhatsApp-Image-2024-02-18-at-20.15.56-ts1709037746-736x1024.jpeg 736w, https:\/\/nuevoenfoquemijas.es\/nem\/wp-content\/uploads\/2025\/02\/WhatsApp-Image-2024-02-18-at-20.15.56-ts1709037746-768x1069.jpeg 768w, https:\/\/nuevoenfoquemijas.es\/nem\/wp-content\/uploads\/2025\/02\/WhatsApp-Image-2024-02-18-at-20.15.56-ts1709037746-1104x1536.jpeg 1104w, https:\/\/nuevoenfoquemijas.es\/nem\/wp-content\/uploads\/2025\/02\/WhatsApp-Image-2024-02-18-at-20.15.56-ts1709037746-647x900.jpeg 647w, https:\/\/nuevoenfoquemijas.es\/nem\/wp-content\/uploads\/2025\/02\/WhatsApp-Image-2024-02-18-at-20.15.56-ts1709037746-187x260.jpeg 187w\" sizes=\"auto, (max-width: 1472px) 100vw, 1472px\" \/><\/a><\/figure><\/div>\n<\/div>\n<\/div>\n\n<\/li><li class=\"wp-block-post post-506 post type-post status-publish format-standard has-post-thumbnail hentry category-exposiciones category-noticias tag-exposicion tag-noticias\">\n\n<div class=\"wp-block-group alignfull is-content-justification-space-between is-nowrap is-layout-flex wp-container-core-group-is-layout-1eb4de5b wp-block-group-is-layout-flex wp-container-6 is-position-sticky\" style=\"border-bottom-color:var(--wp--preset--color--accent-6);border-bottom-width:1px;padding-top:var(--wp--preset--spacing--30);padding-bottom:var(--wp--preset--spacing--30)\">\n<div class=\"wp-block-group has-medium-font-size is-vertical is-layout-flex wp-container-core-group-is-layout-2d729e81 wp-block-group-is-layout-flex\" style=\"min-height:0px\"><h3 style=\"padding-top:0;padding-bottom:0;padding-left:0;padding-right:0;margin-top:0;margin-bottom:0;\" class=\"wp-block-post-title has-large-font-size\"><a href=\"https:\/\/nuevoenfoquemijas.es\/nem\/2025\/03\/26\/exposicion-colectiva-anual\/\" target=\"_self\" >Exposici\u00f3n Colectiva Anual<\/a><\/h3>\n\n<div class=\"has-text-align-right wp-block-post-date\"><time datetime=\"2025-03-26T23:32:09+01:00\"><a href=\"https:\/\/nuevoenfoquemijas.es\/nem\/2025\/03\/26\/exposicion-colectiva-anual\/\">marzo 26, 2025<\/a><\/time><\/div><\/div>\n\n\n\n<div class=\"wp-block-group has-global-padding is-layout-constrained wp-block-group-is-layout-constrained\"><div class=\"has-text-align-left wp-block-post-excerpt has-medium-font-size wp-container-content-9cfa9a5a\"><p class=\"wp-block-post-excerpt__excerpt\">Todos los a\u00f1os realizamos una Exposici\u00f3n Colectiva con la colaboraci\u00f3n del Ayunt. de Mijas en&hellip;<\/p><p class=\"wp-block-post-excerpt__more-text\"><a class=\"wp-block-post-excerpt__more-link\" href=\"https:\/\/nuevoenfoquemijas.es\/nem\/2025\/03\/26\/exposicion-colectiva-anual\/\">Leer noticia&#8230;<\/a><\/p><\/div>\n\n<div class=\"taxonomy-post_tag wp-block-post-terms\"><a href=\"https:\/\/nuevoenfoquemijas.es\/nem\/tag\/exposicion\/\" rel=\"tag\">exposicion<\/a><span class=\"wp-block-post-terms__separator\">, <\/span><a href=\"https:\/\/nuevoenfoquemijas.es\/nem\/tag\/noticias\/\" rel=\"tag\">noticias<\/a><\/div><\/div>\n\n\n\n<div class=\"wp-block-columns are-vertically-aligned-center is-layout-flex wp-container-core-columns-is-layout-28232c24 wp-block-columns-is-layout-flex\">\n<div class=\"wp-block-column is-vertically-aligned-center is-layout-flow wp-container-core-column-is-layout-8a368f38 wp-block-column-is-layout-flow\" style=\"flex-basis:100%\"><figure style=\"aspect-ratio:1;width:124px;height:125px;\" class=\"wp-block-post-featured-image\"><a href=\"https:\/\/nuevoenfoquemijas.es\/nem\/2025\/03\/26\/exposicion-colectiva-anual\/\" target=\"_self\"  style=\"height:125px\"><img loading=\"lazy\" decoding=\"async\" width=\"1280\" height=\"620\" src=\"https:\/\/nuevoenfoquemijas.es\/nem\/wp-content\/uploads\/2025\/03\/ExpoColectivaAnual.jpg\" class=\"attachment-post-thumbnail size-post-thumbnail wp-post-image\" alt=\"Exposici\u00f3n Colectiva Anual\" style=\"width:100%;height:100%;object-fit:contain;\" srcset=\"https:\/\/nuevoenfoquemijas.es\/nem\/wp-content\/uploads\/2025\/03\/ExpoColectivaAnual.jpg 1280w, https:\/\/nuevoenfoquemijas.es\/nem\/wp-content\/uploads\/2025\/03\/ExpoColectivaAnual-300x145.jpg 300w, https:\/\/nuevoenfoquemijas.es\/nem\/wp-content\/uploads\/2025\/03\/ExpoColectivaAnual-1024x496.jpg 1024w, https:\/\/nuevoenfoquemijas.es\/nem\/wp-content\/uploads\/2025\/03\/ExpoColectivaAnual-768x372.jpg 768w\" sizes=\"auto, (max-width: 1280px) 100vw, 1280px\" \/><\/a><\/figure><\/div>\n<\/div>\n<\/div>\n\n<\/li><li class=\"wp-block-post post-525 post type-post status-publish format-standard has-post-thumbnail hentry category-eventos category-noticias tag-eventos tag-noticias\">\n\n<div class=\"wp-block-group alignfull is-content-justification-space-between is-nowrap is-layout-flex wp-container-core-group-is-layout-1eb4de5b wp-block-group-is-layout-flex wp-container-8 is-position-sticky\" style=\"border-bottom-color:var(--wp--preset--color--accent-6);border-bottom-width:1px;padding-top:var(--wp--preset--spacing--30);padding-bottom:var(--wp--preset--spacing--30)\">\n<div class=\"wp-block-group has-medium-font-size is-vertical is-layout-flex wp-container-core-group-is-layout-2d729e81 wp-block-group-is-layout-flex\" style=\"min-height:0px\"><h3 style=\"padding-top:0;padding-bottom:0;padding-left:0;padding-right:0;margin-top:0;margin-bottom:0;\" class=\"wp-block-post-title has-large-font-size\"><a href=\"https:\/\/nuevoenfoquemijas.es\/nem\/2023\/03\/26\/taller-newborn-recien-nacidos\/\" target=\"_self\" >2023 Taller Newborn &#8211; Recien Nacidos<\/a><\/h3>\n\n<div class=\"has-text-align-right wp-block-post-date\"><time datetime=\"2023-03-26T23:57:00+02:00\"><a href=\"https:\/\/nuevoenfoquemijas.es\/nem\/2023\/03\/26\/taller-newborn-recien-nacidos\/\">marzo 26, 2023<\/a><\/time><\/div><\/div>\n\n\n\n<div class=\"wp-block-group has-global-padding is-layout-constrained wp-block-group-is-layout-constrained\"><div class=\"has-text-align-left wp-block-post-excerpt has-medium-font-size wp-container-content-9cfa9a5a\"><p class=\"wp-block-post-excerpt__excerpt\">Curso Te\u00f3rico-Pr\u00e1ctico impartido por la fot\u00f3grafa&nbsp;Ber\u00f3nica Rivera&nbsp;donde explicar\u00e1 la t\u00e9cnica, metodolog\u00eda y pr\u00e1ctica de como&hellip;<\/p><p class=\"wp-block-post-excerpt__more-text\"><a class=\"wp-block-post-excerpt__more-link\" href=\"https:\/\/nuevoenfoquemijas.es\/nem\/2023\/03\/26\/taller-newborn-recien-nacidos\/\">Leer noticia&#8230;<\/a><\/p><\/div>\n\n<div class=\"taxonomy-post_tag wp-block-post-terms\"><a href=\"https:\/\/nuevoenfoquemijas.es\/nem\/tag\/eventos\/\" rel=\"tag\">eventos<\/a><span class=\"wp-block-post-terms__separator\">, <\/span><a href=\"https:\/\/nuevoenfoquemijas.es\/nem\/tag\/noticias\/\" rel=\"tag\">noticias<\/a><\/div><\/div>\n\n\n\n<div class=\"wp-block-columns are-vertically-aligned-center is-layout-flex wp-container-core-columns-is-layout-28232c24 wp-block-columns-is-layout-flex\">\n<div class=\"wp-block-column is-vertically-aligned-center is-layout-flow wp-container-core-column-is-layout-8a368f38 wp-block-column-is-layout-flow\" style=\"flex-basis:100%\"><figure style=\"aspect-ratio:1;width:124px;height:125px;\" class=\"wp-block-post-featured-image\"><a href=\"https:\/\/nuevoenfoquemijas.es\/nem\/2023\/03\/26\/taller-newborn-recien-nacidos\/\" target=\"_self\"  style=\"height:125px\"><img loading=\"lazy\" decoding=\"async\" width=\"953\" height=\"814\" src=\"https:\/\/nuevoenfoquemijas.es\/nem\/wp-content\/uploads\/2025\/03\/image-7.png\" class=\"attachment-post-thumbnail size-post-thumbnail wp-post-image\" alt=\"2023 Taller Newborn &#8211; Recien Nacidos\" style=\"width:100%;height:100%;object-fit:contain;\" srcset=\"https:\/\/nuevoenfoquemijas.es\/nem\/wp-content\/uploads\/2025\/03\/image-7.png 953w, https:\/\/nuevoenfoquemijas.es\/nem\/wp-content\/uploads\/2025\/03\/image-7-300x256.png 300w, https:\/\/nuevoenfoquemijas.es\/nem\/wp-content\/uploads\/2025\/03\/image-7-768x656.png 768w\" sizes=\"auto, (max-width: 953px) 100vw, 953px\" \/><\/a><\/figure><\/div>\n<\/div>\n<\/div>\n\n<\/li><\/ul>\n\n<nav class=\"wp-block-query-pagination is-content-justification-space-between is-layout-flex wp-container-core-query-pagination-is-layout-b2891da8 wp-block-query-pagination-is-layout-flex\" aria-label=\"Paginaci\u00f3n\">\n\n\n<div class=\"wp-block-query-pagination-numbers\"><span aria-current=\"page\" class=\"page-numbers current\">1<\/span>\n<a class=\"page-numbers\" href=\"?query-32-page=2\">2<\/a><\/div>\n\n<a href=\"\/nem\/wp-json\/wp\/v2\/pages\/321?query-32-page=2\" class=\"wp-block-query-pagination-next\">P\u00e1gina siguiente<\/a>\n<\/nav><\/div>\n<\/div>\n","protected":false},"excerpt":{"rendered":"<p>Noticias<\/p>\n","protected":false},"author":1,"featured_media":0,"parent":0,"menu_order":0,"comment_status":"closed","ping_status":"closed","template":"","meta":{"pgc_sgb_lightbox_settings":"","footnotes":""},"class_list":["post-321","page","type-page","status-publish","hentry"],"_links":{"self":[{"href":"https:\/\/nuevoenfoquemijas.es\/nem\/wp-json\/wp\/v2\/pages\/321","targetHints":{"allow":["GET"]}}],"collection":[{"href":"https:\/\/nuevoenfoquemijas.es\/nem\/wp-json\/wp\/v2\/pages"}],"about":[{"href":"https:\/\/nuevoenfoquemijas.es\/nem\/wp-json\/wp\/v2\/types\/page"}],"author":[{"embeddable":true,"href":"https:\/\/nuevoenfoquemijas.es\/nem\/wp-json\/wp\/v2\/users\/1"}],"replies":[{"embeddable":true,"href":"https:\/\/nuevoenfoquemijas.es\/nem\/wp-json\/wp\/v2\/comments?post=321"}],"version-history":[{"count":0,"href":"https:\/\/nuevoenfoquemijas.es\/nem\/wp-json\/wp\/v2\/pages\/321\/revisions"}],"wp:attachment":[{"href":"https:\/\/nuevoenfoquemijas.es\/nem\/wp-json\/wp\/v2\/media?parent=321"}],"curies":[{"name":"wp","href":"https:\/\/api.w.org\/{rel}","templated":true}]}}